{"id":1636,"date":"2014-10-07T18:14:01","date_gmt":"2014-10-07T18:14:01","guid":{"rendered":"http:\/\/www.restaurantlarambla.com\/?page_id=1636"},"modified":"2020-11-18T11:53:42","modified_gmt":"2020-11-18T10:53:42","slug":"contacte-2","status":"publish","type":"page","link":"https:\/\/restaurantlarambla.com\/index.php\/contacte-2\/?lang=es","title":{"rendered":"CONTACTO"},"content":{"rendered":"<h5>C\/ La Rambla, 194 &#8211; 08202 Sabadell | Reservas: 93 727 12 54 &#8211;<a href=\"https:\/\/www.restaurantlarambla.com\/?page_id=370&amp;lang=es\"> on-line | <\/a>Ver en <a href=\"https:\/\/goo.gl\/maps\/4qq5b\">Google Maps<\/a><\/h5>\n<p>&nbsp;<\/p>\n\n<div class=\"wpcf7 no-js\" id=\"wpcf7-f5126-o1\" lang=\"ca\" dir=\"ltr\" data-wpcf7-id=\"5126\">\n<div class=\"screen-reader-response\"><p role=\"status\" aria-live=\"polite\" aria-atomic=\"true\"><\/p> <ul><\/ul><\/div>\n<form action=\"\/index.php\/wp-json\/wp\/v2\/pages\/1636#wpcf7-f5126-o1\" method=\"post\" class=\"wpcf7-form init\" aria-label=\"Formulari de contacte\" novalidate=\"novalidate\" data-status=\"init\">\n<fieldset class=\"hidden-fields-container\"><input type=\"hidden\" name=\"_wpcf7\" value=\"5126\" \/><input type=\"hidden\" name=\"_wpcf7_version\" value=\"6.1.5\" \/><input type=\"hidden\" name=\"_wpcf7_locale\" value=\"ca\" \/><input type=\"hidden\" name=\"_wpcf7_unit_tag\" value=\"wpcf7-f5126-o1\" \/><input type=\"hidden\" name=\"_wpcf7_container_post\" value=\"0\" \/><input type=\"hidden\" name=\"_wpcf7_posted_data_hash\" value=\"\" \/><input type=\"hidden\" name=\"_wpcf7_recaptcha_response\" value=\"\" \/>\n<\/fieldset>\n<p>Tu nombre (obligatorio)\n<\/p>\n<p><span class=\"wpcf7-form-control-wrap\" data-name=\"your-name\"><input size=\"40\" maxlength=\"400\" class=\"wpcf7-form-control wpcf7-text wpcf7-validates-as-required\" aria-required=\"true\" aria-invalid=\"false\" value=\"\" type=\"text\" name=\"your-name\" \/><\/span>\n<\/p>\n<p>Tu email (obligatorio)\n<\/p>\n<p><span class=\"wpcf7-form-control-wrap\" data-name=\"your-email\"><input size=\"40\" maxlength=\"400\" class=\"wpcf7-form-control wpcf7-email wpcf7-validates-as-required wpcf7-text wpcf7-validates-as-email\" aria-required=\"true\" aria-invalid=\"false\" value=\"\" type=\"email\" name=\"your-email\" \/><\/span>\n<\/p>\n<p>Asunto\n<\/p>\n<p><span class=\"wpcf7-form-control-wrap\" data-name=\"your-subject\"><input size=\"40\" maxlength=\"400\" class=\"wpcf7-form-control wpcf7-text\" aria-invalid=\"false\" value=\"\" type=\"text\" name=\"your-subject\" \/><\/span>\n<\/p>\n<p>Mensaje\n<\/p>\n<p><span class=\"wpcf7-form-control-wrap\" data-name=\"your-message\"><textarea cols=\"40\" rows=\"10\" maxlength=\"2000\" class=\"wpcf7-form-control wpcf7-textarea\" aria-invalid=\"false\" name=\"your-message\"><\/textarea><\/span>\n<\/p>\n<p><input class=\"wpcf7-form-control wpcf7-submit has-spinner\" type=\"submit\" value=\"Enviar\" \/>\n<\/p><input type='hidden' class='wpcf7-pum' value='{\"closepopup\":false,\"closedelay\":0,\"openpopup\":false,\"openpopup_id\":0}' \/><div class=\"wpcf7-response-output\" aria-hidden=\"true\"><\/div>\n<\/form>\n<\/div>\n\n<address>\u00a0<\/address>\n<p>De acuerdo con lo establecido por la ley Org\u00e1nica 15\/1999, le informamos que los datos obtenidos de este formulario ser\u00e1n incorporados a una fichero automatizado bajo la responsabilidad de Bessons S.L con la finalidad de atender sus consultas y remitirle informaci\u00f3n relacionada que pueda ser de su inter\u00e9s.Puede ejercer sus derechos de acceso, rectificaci\u00f3n, cancelaci\u00f3n y oposici\u00f3n mediante un escrito a nuestra direcci\u00f3n C\/ Rambla, 194 08201 Sabadell.Mientras no nos comunique lo contrario, entenderemos que sus datos no han sido modificados, que usted se compromete a notificarnos cualquier variaci\u00f3n y que tenemos su consentimiento para utilizarlos para las finalidades mencionadas.\u00c2\u00a0El env\u00edo de estos datos implica la aceptaci\u00f3n de esta cl\u00e1usula.<\/p>\n","protected":false},"excerpt":{"rendered":"<p>C\/ La Rambla, 194 &#8211; 08202 Sabadell | Reservas: 93 727 12 54 &#8211; on-line | Ver en Google Maps &nbsp; \u00a0 De acuerdo con lo establecido por la ley Org\u00e1nica 15\/1999, le informamos que los datos obtenidos de este formulario ser\u00e1n incorporados a una&#8230;<\/p>\n","protected":false},"author":4,"featured_media":0,"parent":0,"menu_order":94,"comment_status":"closed","ping_status":"closed","template":"","meta":{"_monsterinsights_skip_tracking":false,"_monsterinsights_sitenote_active":false,"_monsterinsights_sitenote_note":"","_monsterinsights_sitenote_category":0,"footnotes":""},"class_list":["post-1636","page","type-page","status-publish","hentry"],"yoast_head":"<!-- This site is optimized with the Yoast SEO plugin v27.4 - https:\/\/yoast.com\/product\/yoast-seo-wordpress\/ -->\n<title>CONTACTO - Restaurant La Rambla<\/title>\n<meta name=\"robots\" content=\"index, follow, max-snippet:-1, max-image-preview:large, max-video-preview:-1\" \/>\n<link rel=\"canonical\" href=\"https:\/\/restaurantlarambla.com\/index.php\/contacte-2\/\" \/>\n<meta property=\"og:locale\" content=\"ca_ES\" \/>\n<meta property=\"og:type\" content=\"article\" \/>\n<meta property=\"og:title\" content=\"CONTACTO - Restaurant La Rambla\" \/>\n<meta property=\"og:description\" content=\"C\/ La Rambla, 194 &#8211; 08202 Sabadell | Reservas: 93 727 12 54 &#8211; on-line | Ver en Google Maps &nbsp; \u00a0 De acuerdo con lo establecido por la ley Org\u00e1nica 15\/1999, le informamos que los datos obtenidos de este formulario ser\u00e1n incorporados a una...\" \/>\n<meta property=\"og:url\" content=\"https:\/\/restaurantlarambla.com\/index.php\/contacte-2\/?lang=es\" \/>\n<meta property=\"og:site_name\" content=\"Restaurant La Rambla\" \/>\n<meta property=\"article:publisher\" content=\"https:\/\/www.facebook.com\/RestaurantlaRambla\" \/>\n<meta property=\"article:modified_time\" content=\"2020-11-18T10:53:42+00:00\" \/>\n<meta name=\"twitter:card\" content=\"summary_large_image\" \/>\n<meta name=\"twitter:label1\" content=\"Temps estimat de lectura\" \/>\n\t<meta name=\"twitter:data1\" content=\"1 minut\" \/>\n<script type=\"application\/ld+json\" class=\"yoast-schema-graph\">{\"@context\":\"https:\\\/\\\/schema.org\",\"@graph\":[{\"@type\":\"WebPage\",\"@id\":\"https:\\\/\\\/restaurantlarambla.com\\\/index.php\\\/contacte-2\\\/?lang=es\",\"url\":\"https:\\\/\\\/restaurantlarambla.com\\\/index.php\\\/contacte-2\\\/?lang=es\",\"name\":\"CONTACTO - Restaurant La Rambla\",\"isPartOf\":{\"@id\":\"https:\\\/\\\/restaurantlarambla.com\\\/#website\"},\"datePublished\":\"2014-10-07T18:14:01+00:00\",\"dateModified\":\"2020-11-18T10:53:42+00:00\",\"breadcrumb\":{\"@id\":\"https:\\\/\\\/restaurantlarambla.com\\\/index.php\\\/contacte-2\\\/?lang=es#breadcrumb\"},\"inLanguage\":\"ca\",\"potentialAction\":[{\"@type\":\"ReadAction\",\"target\":[\"https:\\\/\\\/restaurantlarambla.com\\\/index.php\\\/contacte-2\\\/?lang=es\"]}]},{\"@type\":\"BreadcrumbList\",\"@id\":\"https:\\\/\\\/restaurantlarambla.com\\\/index.php\\\/contacte-2\\\/?lang=es#breadcrumb\",\"itemListElement\":[{\"@type\":\"ListItem\",\"position\":1,\"name\":\"Inici\",\"item\":\"https:\\\/\\\/restaurantlarambla.com\\\/\"},{\"@type\":\"ListItem\",\"position\":2,\"name\":\"CONTACTO\"}]},{\"@type\":\"WebSite\",\"@id\":\"https:\\\/\\\/restaurantlarambla.com\\\/#website\",\"url\":\"https:\\\/\\\/restaurantlarambla.com\\\/\",\"name\":\"Restaurant La Rambla\",\"description\":\"Daily Food Market\",\"publisher\":{\"@id\":\"https:\\\/\\\/restaurantlarambla.com\\\/#organization\"},\"potentialAction\":[{\"@type\":\"SearchAction\",\"target\":{\"@type\":\"EntryPoint\",\"urlTemplate\":\"https:\\\/\\\/restaurantlarambla.com\\\/?s={search_term_string}\"},\"query-input\":{\"@type\":\"PropertyValueSpecification\",\"valueRequired\":true,\"valueName\":\"search_term_string\"}}],\"inLanguage\":\"ca\"},{\"@type\":\"Organization\",\"@id\":\"https:\\\/\\\/restaurantlarambla.com\\\/#organization\",\"name\":\"Restaurant La Rambla\",\"url\":\"https:\\\/\\\/restaurantlarambla.com\\\/\",\"logo\":{\"@type\":\"ImageObject\",\"inLanguage\":\"ca\",\"@id\":\"https:\\\/\\\/restaurantlarambla.com\\\/#\\\/schema\\\/logo\\\/image\\\/\",\"url\":\"https:\\\/\\\/restaurantlarambla.com\\\/wp-content\\\/uploads\\\/2023\\\/11\\\/Logo_La_Rambla_web-1.png\",\"contentUrl\":\"https:\\\/\\\/restaurantlarambla.com\\\/wp-content\\\/uploads\\\/2023\\\/11\\\/Logo_La_Rambla_web-1.png\",\"width\":307,\"height\":113,\"caption\":\"Restaurant La Rambla\"},\"image\":{\"@id\":\"https:\\\/\\\/restaurantlarambla.com\\\/#\\\/schema\\\/logo\\\/image\\\/\"},\"sameAs\":[\"https:\\\/\\\/www.facebook.com\\\/RestaurantlaRambla\",\"https:\\\/\\\/www.instagram.com\\\/restaurantlarambla\\\/?hl=es\"]}]}<\/script>\n<!-- \/ Yoast SEO plugin. -->","yoast_head_json":{"title":"CONTACTO - Restaurant La Rambla","robots":{"index":"index","follow":"follow","max-snippet":"max-snippet:-1","max-image-preview":"max-image-preview:large","max-video-preview":"max-video-preview:-1"},"canonical":"https:\/\/restaurantlarambla.com\/index.php\/contacte-2\/","og_locale":"ca_ES","og_type":"article","og_title":"CONTACTO - Restaurant La Rambla","og_description":"C\/ La Rambla, 194 &#8211; 08202 Sabadell | Reservas: 93 727 12 54 &#8211; on-line | Ver en Google Maps &nbsp; \u00a0 De acuerdo con lo establecido por la ley Org\u00e1nica 15\/1999, le informamos que los datos obtenidos de este formulario ser\u00e1n incorporados a una...","og_url":"https:\/\/restaurantlarambla.com\/index.php\/contacte-2\/?lang=es","og_site_name":"Restaurant La Rambla","article_publisher":"https:\/\/www.facebook.com\/RestaurantlaRambla","article_modified_time":"2020-11-18T10:53:42+00:00","twitter_card":"summary_large_image","twitter_misc":{"Temps estimat de lectura":"1 minut"},"schema":{"@context":"https:\/\/schema.org","@graph":[{"@type":"WebPage","@id":"https:\/\/restaurantlarambla.com\/index.php\/contacte-2\/?lang=es","url":"https:\/\/restaurantlarambla.com\/index.php\/contacte-2\/?lang=es","name":"CONTACTO - Restaurant La Rambla","isPartOf":{"@id":"https:\/\/restaurantlarambla.com\/#website"},"datePublished":"2014-10-07T18:14:01+00:00","dateModified":"2020-11-18T10:53:42+00:00","breadcrumb":{"@id":"https:\/\/restaurantlarambla.com\/index.php\/contacte-2\/?lang=es#breadcrumb"},"inLanguage":"ca","potentialAction":[{"@type":"ReadAction","target":["https:\/\/restaurantlarambla.com\/index.php\/contacte-2\/?lang=es"]}]},{"@type":"BreadcrumbList","@id":"https:\/\/restaurantlarambla.com\/index.php\/contacte-2\/?lang=es#breadcrumb","itemListElement":[{"@type":"ListItem","position":1,"name":"Inici","item":"https:\/\/restaurantlarambla.com\/"},{"@type":"ListItem","position":2,"name":"CONTACTO"}]},{"@type":"WebSite","@id":"https:\/\/restaurantlarambla.com\/#website","url":"https:\/\/restaurantlarambla.com\/","name":"Restaurant La Rambla","description":"Daily Food Market","publisher":{"@id":"https:\/\/restaurantlarambla.com\/#organization"},"potentialAction":[{"@type":"SearchAction","target":{"@type":"EntryPoint","urlTemplate":"https:\/\/restaurantlarambla.com\/?s={search_term_string}"},"query-input":{"@type":"PropertyValueSpecification","valueRequired":true,"valueName":"search_term_string"}}],"inLanguage":"ca"},{"@type":"Organization","@id":"https:\/\/restaurantlarambla.com\/#organization","name":"Restaurant La Rambla","url":"https:\/\/restaurantlarambla.com\/","logo":{"@type":"ImageObject","inLanguage":"ca","@id":"https:\/\/restaurantlarambla.com\/#\/schema\/logo\/image\/","url":"https:\/\/restaurantlarambla.com\/wp-content\/uploads\/2023\/11\/Logo_La_Rambla_web-1.png","contentUrl":"https:\/\/restaurantlarambla.com\/wp-content\/uploads\/2023\/11\/Logo_La_Rambla_web-1.png","width":307,"height":113,"caption":"Restaurant La Rambla"},"image":{"@id":"https:\/\/restaurantlarambla.com\/#\/schema\/logo\/image\/"},"sameAs":["https:\/\/www.facebook.com\/RestaurantlaRambla","https:\/\/www.instagram.com\/restaurantlarambla\/?hl=es"]}]}},"_links":{"self":[{"href":"https:\/\/restaurantlarambla.com\/index.php\/wp-json\/wp\/v2\/pages\/1636","targetHints":{"allow":["GET"]}}],"collection":[{"href":"https:\/\/restaurantlarambla.com\/index.php\/wp-json\/wp\/v2\/pages"}],"about":[{"href":"https:\/\/restaurantlarambla.com\/index.php\/wp-json\/wp\/v2\/types\/page"}],"author":[{"embeddable":true,"href":"https:\/\/restaurantlarambla.com\/index.php\/wp-json\/wp\/v2\/users\/4"}],"replies":[{"embeddable":true,"href":"https:\/\/restaurantlarambla.com\/index.php\/wp-json\/wp\/v2\/comments?post=1636"}],"version-history":[{"count":6,"href":"https:\/\/restaurantlarambla.com\/index.php\/wp-json\/wp\/v2\/pages\/1636\/revisions"}],"predecessor-version":[{"id":5127,"href":"https:\/\/restaurantlarambla.com\/index.php\/wp-json\/wp\/v2\/pages\/1636\/revisions\/5127"}],"wp:attachment":[{"href":"https:\/\/restaurantlarambla.com\/index.php\/wp-json\/wp\/v2\/media?parent=1636"}],"curies":[{"name":"wp","href":"https:\/\/api.w.org\/{rel}","templated":true}]}}