{"id":363,"date":"2014-03-20T12:36:22","date_gmt":"2014-03-20T12:36:22","guid":{"rendered":"http:\/\/www.restaurantlarambla.com\/?page_id=363"},"modified":"2019-09-10T11:27:15","modified_gmt":"2019-09-10T11:27:15","slug":"treballa-amb-nosaltres","status":"publish","type":"page","link":"https:\/\/restaurantlarambla.com\/index.php\/treballa-amb-nosaltres\/","title":{"rendered":"Treballa amb nosaltres"},"content":{"rendered":"\n<div class=\"wpcf7 no-js\" id=\"wpcf7-f362-o1\" lang=\"ca\" dir=\"ltr\" data-wpcf7-id=\"362\">\n<div class=\"screen-reader-response\"><p role=\"status\" aria-live=\"polite\" aria-atomic=\"true\"><\/p> <ul><\/ul><\/div>\n<form action=\"\/index.php\/wp-json\/wp\/v2\/pages\/363#wpcf7-f362-o1\" method=\"post\" class=\"wpcf7-form init\" aria-label=\"Formulari de contacte\" enctype=\"multipart\/form-data\" novalidate=\"novalidate\" data-status=\"init\">\n<fieldset class=\"hidden-fields-container\"><input type=\"hidden\" name=\"_wpcf7\" value=\"362\" \/><input type=\"hidden\" name=\"_wpcf7_version\" value=\"6.1.5\" \/><input type=\"hidden\" name=\"_wpcf7_locale\" value=\"ca\" \/><input type=\"hidden\" name=\"_wpcf7_unit_tag\" value=\"wpcf7-f362-o1\" \/><input type=\"hidden\" name=\"_wpcf7_container_post\" value=\"0\" \/><input type=\"hidden\" name=\"_wpcf7_posted_data_hash\" value=\"\" \/><input type=\"hidden\" name=\"_wpcf7_recaptcha_response\" value=\"\" \/>\n<\/fieldset>\n<p>El vostre nom (obligatori)\n<\/p>\n<p><span class=\"wpcf7-form-control-wrap\" data-name=\"your-name\"><input size=\"40\" maxlength=\"400\" class=\"wpcf7-form-control wpcf7-text wpcf7-validates-as-required\" aria-required=\"true\" aria-invalid=\"false\" value=\"\" type=\"text\" name=\"your-name\" \/><\/span>\n<\/p>\n<p>El vostre email (obligatori)\n<\/p>\n<p><span class=\"wpcf7-form-control-wrap\" data-name=\"your-email\"><input size=\"40\" maxlength=\"400\" class=\"wpcf7-form-control wpcf7-email wpcf7-validates-as-required wpcf7-text wpcf7-validates-as-email\" aria-required=\"true\" aria-invalid=\"false\" value=\"\" type=\"email\" name=\"your-email\" \/><\/span>\n<\/p>\n<p>El vostre telefon\n<\/p>\n<p><span class=\"wpcf7-form-control-wrap\" data-name=\"tel-877\"><input size=\"40\" maxlength=\"400\" class=\"wpcf7-form-control wpcf7-tel wpcf7-text wpcf7-validates-as-tel\" aria-invalid=\"false\" value=\"\" type=\"tel\" name=\"tel-877\" \/><\/span>\n<\/p>\n<p>Assumpte\n<\/p>\n<p><span class=\"wpcf7-form-control-wrap\" data-name=\"your-subject\"><input size=\"40\" maxlength=\"400\" class=\"wpcf7-form-control wpcf7-text\" aria-invalid=\"false\" value=\"\" type=\"text\" name=\"your-subject\" \/><\/span>\n<\/p>\n<p>El vostre missatge\n<\/p>\n<p><span class=\"wpcf7-form-control-wrap\" data-name=\"your-message\"><textarea cols=\"40\" rows=\"10\" maxlength=\"2000\" class=\"wpcf7-form-control wpcf7-textarea\" aria-invalid=\"false\" name=\"your-message\"><\/textarea><\/span>\n<\/p>\n<p>Deixa el teu curr\u00edculum (en PDF)\n<\/p>\n<p><span class=\"wpcf7-form-control-wrap\" data-name=\"file-638\"><input size=\"40\" class=\"wpcf7-form-control wpcf7-file\" accept=\".pdf\" aria-invalid=\"false\" type=\"file\" name=\"file-638\" \/><\/span>\n<\/p>\n<p><input class=\"wpcf7-form-control wpcf7-submit has-spinner\" type=\"submit\" value=\"Enviar\" \/>\n<\/p><input type='hidden' class='wpcf7-pum' value='{\"closepopup\":false,\"closedelay\":0,\"openpopup\":false,\"openpopup_id\":0}' \/><div class=\"wpcf7-response-output\" aria-hidden=\"true\"><\/div>\n<\/form>\n<\/div>\n\n<p>D&#8217;acord amb el que estableix la llei org\u00e0nica 15\/1999, l&#8217;informem que les dades obtingudes d&#8217;aquest formulari seran incorporades a una fitxer automatitzat sota la responsabilitat de Bessons SL amb la finalitat d&#8217;atendre les seves consultes i remetre-li informaci\u00f3 relacionada que pugui ser del seu inter\u00e8s.<br \/>\nPot exercir els seus drets d&#8217;acc\u00e9s, rectificaci\u00f3, cancel\u00b7laci\u00f3 i oposici\u00f3 mitjan\u00e7ant un escrit a la nostra adre\u00e7a C \/ Rambla, 194 08201 Sabadell. Mentre no ens comuniqui el contrari, entendrem que les seves dades no han estat modificades, que vost\u00e8 es compromet a notificar-nos qualsevol variaci\u00f3 i que tenim el seu consentiment per utilitzar-los per les finalitats esmentades.<br \/>\nL&#8217;enviament d&#8217;aquestes dades implica l&#8217;acceptaci\u00f3 d&#8217;aquesta cl\u00e0usula.<\/p>\n","protected":false},"excerpt":{"rendered":"<p>D&#8217;acord amb el que estableix la llei org\u00e0nica 15\/1999, l&#8217;informem que les dades obtingudes d&#8217;aquest formulari seran incorporades a una fitxer automatitzat sota la responsabilitat de Bessons SL amb la finalitat d&#8217;atendre les seves consultes i remetre-li informaci\u00f3 relacionada que pugui ser del seu inter\u00e8s&#8230;.<\/p>\n","protected":false},"author":4,"featured_media":0,"parent":0,"menu_order":153,"comment_status":"closed","ping_status":"closed","template":"","meta":{"_monsterinsights_skip_tracking":false,"_monsterinsights_sitenote_active":false,"_monsterinsights_sitenote_note":"","_monsterinsights_sitenote_category":0,"footnotes":""},"class_list":["post-363","page","type-page","status-publish","hentry"],"yoast_head":"<!-- This site is optimized with the Yoast SEO plugin v27.4 - https:\/\/yoast.com\/product\/yoast-seo-wordpress\/ -->\n<title>Treballa amb nosaltres - Restaurant La Rambla<\/title>\n<meta name=\"robots\" content=\"index, follow, max-snippet:-1, max-image-preview:large, max-video-preview:-1\" \/>\n<link rel=\"canonical\" href=\"https:\/\/restaurantlarambla.com\/index.php\/treballa-amb-nosaltres\/\" \/>\n<meta property=\"og:locale\" content=\"ca_ES\" \/>\n<meta property=\"og:type\" content=\"article\" \/>\n<meta property=\"og:title\" content=\"Treballa amb nosaltres - Restaurant La Rambla\" \/>\n<meta property=\"og:description\" content=\"D&#8217;acord amb el que estableix la llei org\u00e0nica 15\/1999, l&#8217;informem que les dades obtingudes d&#8217;aquest formulari seran incorporades a una fitxer automatitzat sota la responsabilitat de Bessons SL amb la finalitat d&#8217;atendre les seves consultes i remetre-li informaci\u00f3 relacionada que pugui ser del seu inter\u00e8s....\" \/>\n<meta property=\"og:url\" content=\"https:\/\/restaurantlarambla.com\/index.php\/treballa-amb-nosaltres\/\" \/>\n<meta property=\"og:site_name\" content=\"Restaurant La Rambla\" \/>\n<meta property=\"article:publisher\" content=\"https:\/\/www.facebook.com\/RestaurantlaRambla\" \/>\n<meta property=\"article:modified_time\" content=\"2019-09-10T11:27:15+00:00\" \/>\n<meta name=\"twitter:card\" content=\"summary_large_image\" \/>\n<meta name=\"twitter:label1\" content=\"Temps estimat de lectura\" \/>\n\t<meta name=\"twitter:data1\" content=\"1 minut\" \/>\n<script type=\"application\/ld+json\" class=\"yoast-schema-graph\">{\"@context\":\"https:\\\/\\\/schema.org\",\"@graph\":[{\"@type\":\"WebPage\",\"@id\":\"https:\\\/\\\/restaurantlarambla.com\\\/index.php\\\/treballa-amb-nosaltres\\\/\",\"url\":\"https:\\\/\\\/restaurantlarambla.com\\\/index.php\\\/treballa-amb-nosaltres\\\/\",\"name\":\"Treballa amb nosaltres - Restaurant La Rambla\",\"isPartOf\":{\"@id\":\"https:\\\/\\\/restaurantlarambla.com\\\/#website\"},\"datePublished\":\"2014-03-20T12:36:22+00:00\",\"dateModified\":\"2019-09-10T11:27:15+00:00\",\"breadcrumb\":{\"@id\":\"https:\\\/\\\/restaurantlarambla.com\\\/index.php\\\/treballa-amb-nosaltres\\\/#breadcrumb\"},\"inLanguage\":\"ca\",\"potentialAction\":[{\"@type\":\"ReadAction\",\"target\":[\"https:\\\/\\\/restaurantlarambla.com\\\/index.php\\\/treballa-amb-nosaltres\\\/\"]}]},{\"@type\":\"BreadcrumbList\",\"@id\":\"https:\\\/\\\/restaurantlarambla.com\\\/index.php\\\/treballa-amb-nosaltres\\\/#breadcrumb\",\"itemListElement\":[{\"@type\":\"ListItem\",\"position\":1,\"name\":\"Inici\",\"item\":\"https:\\\/\\\/restaurantlarambla.com\\\/\"},{\"@type\":\"ListItem\",\"position\":2,\"name\":\"Treballa amb nosaltres\"}]},{\"@type\":\"WebSite\",\"@id\":\"https:\\\/\\\/restaurantlarambla.com\\\/#website\",\"url\":\"https:\\\/\\\/restaurantlarambla.com\\\/\",\"name\":\"Restaurant La Rambla\",\"description\":\"Daily Food Market\",\"publisher\":{\"@id\":\"https:\\\/\\\/restaurantlarambla.com\\\/#organization\"},\"potentialAction\":[{\"@type\":\"SearchAction\",\"target\":{\"@type\":\"EntryPoint\",\"urlTemplate\":\"https:\\\/\\\/restaurantlarambla.com\\\/?s={search_term_string}\"},\"query-input\":{\"@type\":\"PropertyValueSpecification\",\"valueRequired\":true,\"valueName\":\"search_term_string\"}}],\"inLanguage\":\"ca\"},{\"@type\":\"Organization\",\"@id\":\"https:\\\/\\\/restaurantlarambla.com\\\/#organization\",\"name\":\"Restaurant La Rambla\",\"url\":\"https:\\\/\\\/restaurantlarambla.com\\\/\",\"logo\":{\"@type\":\"ImageObject\",\"inLanguage\":\"ca\",\"@id\":\"https:\\\/\\\/restaurantlarambla.com\\\/#\\\/schema\\\/logo\\\/image\\\/\",\"url\":\"https:\\\/\\\/restaurantlarambla.com\\\/wp-content\\\/uploads\\\/2023\\\/11\\\/Logo_La_Rambla_web-1.png\",\"contentUrl\":\"https:\\\/\\\/restaurantlarambla.com\\\/wp-content\\\/uploads\\\/2023\\\/11\\\/Logo_La_Rambla_web-1.png\",\"width\":307,\"height\":113,\"caption\":\"Restaurant La Rambla\"},\"image\":{\"@id\":\"https:\\\/\\\/restaurantlarambla.com\\\/#\\\/schema\\\/logo\\\/image\\\/\"},\"sameAs\":[\"https:\\\/\\\/www.facebook.com\\\/RestaurantlaRambla\",\"https:\\\/\\\/www.instagram.com\\\/restaurantlarambla\\\/?hl=es\"]}]}<\/script>\n<!-- \/ Yoast SEO plugin. -->","yoast_head_json":{"title":"Treballa amb nosaltres - Restaurant La Rambla","robots":{"index":"index","follow":"follow","max-snippet":"max-snippet:-1","max-image-preview":"max-image-preview:large","max-video-preview":"max-video-preview:-1"},"canonical":"https:\/\/restaurantlarambla.com\/index.php\/treballa-amb-nosaltres\/","og_locale":"ca_ES","og_type":"article","og_title":"Treballa amb nosaltres - Restaurant La Rambla","og_description":"D&#8217;acord amb el que estableix la llei org\u00e0nica 15\/1999, l&#8217;informem que les dades obtingudes d&#8217;aquest formulari seran incorporades a una fitxer automatitzat sota la responsabilitat de Bessons SL amb la finalitat d&#8217;atendre les seves consultes i remetre-li informaci\u00f3 relacionada que pugui ser del seu inter\u00e8s....","og_url":"https:\/\/restaurantlarambla.com\/index.php\/treballa-amb-nosaltres\/","og_site_name":"Restaurant La Rambla","article_publisher":"https:\/\/www.facebook.com\/RestaurantlaRambla","article_modified_time":"2019-09-10T11:27:15+00:00","twitter_card":"summary_large_image","twitter_misc":{"Temps estimat de lectura":"1 minut"},"schema":{"@context":"https:\/\/schema.org","@graph":[{"@type":"WebPage","@id":"https:\/\/restaurantlarambla.com\/index.php\/treballa-amb-nosaltres\/","url":"https:\/\/restaurantlarambla.com\/index.php\/treballa-amb-nosaltres\/","name":"Treballa amb nosaltres - Restaurant La Rambla","isPartOf":{"@id":"https:\/\/restaurantlarambla.com\/#website"},"datePublished":"2014-03-20T12:36:22+00:00","dateModified":"2019-09-10T11:27:15+00:00","breadcrumb":{"@id":"https:\/\/restaurantlarambla.com\/index.php\/treballa-amb-nosaltres\/#breadcrumb"},"inLanguage":"ca","potentialAction":[{"@type":"ReadAction","target":["https:\/\/restaurantlarambla.com\/index.php\/treballa-amb-nosaltres\/"]}]},{"@type":"BreadcrumbList","@id":"https:\/\/restaurantlarambla.com\/index.php\/treballa-amb-nosaltres\/#breadcrumb","itemListElement":[{"@type":"ListItem","position":1,"name":"Inici","item":"https:\/\/restaurantlarambla.com\/"},{"@type":"ListItem","position":2,"name":"Treballa amb nosaltres"}]},{"@type":"WebSite","@id":"https:\/\/restaurantlarambla.com\/#website","url":"https:\/\/restaurantlarambla.com\/","name":"Restaurant La Rambla","description":"Daily Food Market","publisher":{"@id":"https:\/\/restaurantlarambla.com\/#organization"},"potentialAction":[{"@type":"SearchAction","target":{"@type":"EntryPoint","urlTemplate":"https:\/\/restaurantlarambla.com\/?s={search_term_string}"},"query-input":{"@type":"PropertyValueSpecification","valueRequired":true,"valueName":"search_term_string"}}],"inLanguage":"ca"},{"@type":"Organization","@id":"https:\/\/restaurantlarambla.com\/#organization","name":"Restaurant La Rambla","url":"https:\/\/restaurantlarambla.com\/","logo":{"@type":"ImageObject","inLanguage":"ca","@id":"https:\/\/restaurantlarambla.com\/#\/schema\/logo\/image\/","url":"https:\/\/restaurantlarambla.com\/wp-content\/uploads\/2023\/11\/Logo_La_Rambla_web-1.png","contentUrl":"https:\/\/restaurantlarambla.com\/wp-content\/uploads\/2023\/11\/Logo_La_Rambla_web-1.png","width":307,"height":113,"caption":"Restaurant La Rambla"},"image":{"@id":"https:\/\/restaurantlarambla.com\/#\/schema\/logo\/image\/"},"sameAs":["https:\/\/www.facebook.com\/RestaurantlaRambla","https:\/\/www.instagram.com\/restaurantlarambla\/?hl=es"]}]}},"_links":{"self":[{"href":"https:\/\/restaurantlarambla.com\/index.php\/wp-json\/wp\/v2\/pages\/363","targetHints":{"allow":["GET"]}}],"collection":[{"href":"https:\/\/restaurantlarambla.com\/index.php\/wp-json\/wp\/v2\/pages"}],"about":[{"href":"https:\/\/restaurantlarambla.com\/index.php\/wp-json\/wp\/v2\/types\/page"}],"author":[{"embeddable":true,"href":"https:\/\/restaurantlarambla.com\/index.php\/wp-json\/wp\/v2\/users\/4"}],"replies":[{"embeddable":true,"href":"https:\/\/restaurantlarambla.com\/index.php\/wp-json\/wp\/v2\/comments?post=363"}],"version-history":[{"count":6,"href":"https:\/\/restaurantlarambla.com\/index.php\/wp-json\/wp\/v2\/pages\/363\/revisions"}],"predecessor-version":[{"id":3579,"href":"https:\/\/restaurantlarambla.com\/index.php\/wp-json\/wp\/v2\/pages\/363\/revisions\/3579"}],"wp:attachment":[{"href":"https:\/\/restaurantlarambla.com\/index.php\/wp-json\/wp\/v2\/media?parent=363"}],"curies":[{"name":"wp","href":"https:\/\/api.w.org\/{rel}","templated":true}]}}