{"id":4769,"date":"2020-06-12T10:51:54","date_gmt":"2020-06-12T10:51:54","guid":{"rendered":"https:\/\/nou.restaurantlarambla.com\/?page_id=4769"},"modified":"2020-06-16T07:03:41","modified_gmt":"2020-06-16T07:03:41","slug":"benvinguts","status":"publish","type":"page","link":"https:\/\/restaurantlarambla.com\/index.php\/benvinguts\/","title":{"rendered":"BENVINGUTS"},"content":{"rendered":"<div class=\"wpb-content-wrapper\"><p>[vc_row row_type=&#8221;row&#8221; use_row_as_full_screen_section=&#8221;no&#8221; type=&#8221;full_width&#8221; text_align=&#8221;left&#8221; background_animation=&#8221;none&#8221; css_animation=&#8221;&#8221;][vc_column][vc_empty_space height=&#8221;45px&#8221;][vc_column_text]<\/p>\n<h1 style=\"text-align: center;\">ELS NOSTRES FOGONS COMEN\u00c7EN A XIULAR.<\/h1>\n<p>[\/vc_column_text][vc_empty_space height=&#8221;45px&#8221;][vc_row_inner row_type=&#8221;row&#8221; type=&#8221;full_width&#8221; use_row_as_full_screen_section_slide=&#8221;no&#8221; text_align=&#8221;center&#8221; css_animation=&#8221;&#8221;][vc_column_inner width=&#8221;1\/4&#8243;][\/vc_column_inner][vc_column_inner width=&#8221;1\/2&#8243;][vc_column_text]<\/p>\n<h5 style=\"text-align: center;\">Per fi despr\u00e9s de tres mesos tornem a obrir les portes, amb la cuina que sabem fer, tradicional, mediterr\u00e0nia, rica i sana.<\/h5>\n<p>[\/vc_column_text][vc_empty_space height=&#8221;10px&#8221;][vc_empty_space height=&#8221;50px&#8221;][\/vc_column_inner][vc_column_inner width=&#8221;1\/4&#8243;][\/vc_column_inner][\/vc_row_inner][\/vc_column][\/vc_row][vc_row row_type=&#8221;row&#8221; use_row_as_full_screen_section=&#8221;no&#8221; type=&#8221;full_width&#8221; text_align=&#8221;left&#8221; background_image=&#8221;4370&#8243; background_animation=&#8221;none&#8221; css_animation=&#8221;&#8221;][vc_column][vc_empty_space height=&#8221;100px&#8221;][vc_column_text]<\/p>\n<h1 style=\"text-align: center;\"><span style=\"color: #ffffff;\">TORNEM AMB NOVETATS<\/span><\/h1>\n<p>[\/vc_column_text]<div class=\"custom_font_holder\" style=\" font-size: 15px; line-height: 26px; font-weight: 300; text-decoration: none; text-align: left;\"><span><\/p>\n<h4 style=\"text-align: center;\"><span style=\"color: #ffffff;\">CUINEM CADA DIA PER QUE MENGIS ON TU VULGUIS.<\/span><\/h4>\n<h2 style=\"text-align: center;\"><\/h2>\n<p><\/span><\/div>[vc_column_text]<\/p>\n<h5 style=\"text-align: center;\"><span style=\"color: #ffffff;\">Us ho posem f\u00e0cil, ara el Rambla arriba all\u00e0 on tu vulguis, el men\u00fa de sempre ara per emportar.<\/span><\/h5>\n<p>[\/vc_column_text][vc_empty_space height=&#8221;50px&#8221;][vc_row_inner row_type=&#8221;row&#8221; type=&#8221;full_width&#8221; use_row_as_full_screen_section_slide=&#8221;no&#8221; text_align=&#8221;center&#8221; css_animation=&#8221;&#8221;][vc_column_inner width=&#8221;1\/4&#8243;][\/vc_column_inner][vc_column_inner width=&#8221;1\/4&#8243;]<div class=\"custom_font_holder\" style=\" font-size: 15px; line-height: 26px; font-weight: 300; text-decoration: none; background-color: #ffffff; text-align: left;\"><span><\/p>\n<h4 style=\"text-align: center;\"><span style=\"color: #333333;\"><strong>A LA OFICINA O A CASA<br \/>\n<\/strong><\/span><\/h4>\n<p><\/span><\/div><a href=\"https:\/\/restaurantlarambla.com\/index.php\/take-away\/\" target=\"_self\" data-hover-background-color='#d8d8d8'  class=\"qbutton  big_large_full_width move_icon qbutton_with_icon\" style=\"color: #ffffff; border-color: #ffffff; font-weight: 600; font-size: 20px; border-radius: 2px;-moz-border-radius: 2px;-webkit-border-radius: 2px; \">TAKE AWAY<span aria-hidden=\"true\" class=\"qode_icon_font_elegant icon_bag button_icon\" style=\"\" ><\/span><\/a>[\/vc_column_inner][vc_column_inner width=&#8221;1\/4&#8243;]<div class=\"custom_font_holder\" style=\" font-size: 15px; line-height: 26px; font-weight: 300; text-decoration: none; background-color: #ffffff; text-align: left;\"><span><\/p>\n<h4 style=\"text-align: center;\"><span style=\"color: #333333;\"><strong>AL RESTAURANT<\/strong><\/span><\/h4>\n<p><\/span><\/div><a href=\"https:\/\/restaurantlarambla.com\/index.php\/reserves\/\" target=\"_self\" data-hover-background-color='#d8d8d8'  class=\"qbutton  big_large_full_width move_icon qbutton_with_icon\" style=\"color: #ffffff; border-color: #ffffff; font-weight: 600; font-size: 20px; border-radius: 2px;-moz-border-radius: 2px;-webkit-border-radius: 2px; \">RESERVA<span aria-hidden=\"true\" class=\"qode_icon_font_elegant icon_book button_icon\" style=\"\" ><\/span><\/a>[\/vc_column_inner][vc_column_inner width=&#8221;1\/4&#8243;][\/vc_column_inner][\/vc_row_inner][vc_empty_space height=&#8221;100px&#8221;][\/vc_column][\/vc_row][vc_row row_type=&#8221;row&#8221; use_row_as_full_screen_section=&#8221;no&#8221; type=&#8221;full_width&#8221; text_align=&#8221;left&#8221; background_animation=&#8221;none&#8221; css_animation=&#8221;&#8221;][vc_column][vc_empty_space][vc_empty_space]<div class=\"custom_font_holder\" style=\"font-family: Raleway; font-size: 60px; line-height: 26px; font-weight: 100; text-decoration: none; text-align: center;\"><span>Com funciona?<\/span><\/div>[vc_empty_space][vc_empty_space][\/vc_column][\/vc_row][vc_row row_type=&#8221;row&#8221; use_row_as_full_screen_section=&#8221;no&#8221; type=&#8221;grid&#8221; text_align=&#8221;left&#8221; background_animation=&#8221;none&#8221; css_animation=&#8221;&#8221; css=&#8221;.vc_custom_1591012460898{background-color: #e0dbd2 !important;}&#8221; background_color=&#8221;#e0dbd2&#8243;][vc_column][vc_empty_space][vc_row_inner row_type=&#8221;row&#8221; type=&#8221;full_width&#8221; use_row_as_full_screen_section_slide=&#8221;no&#8221; text_align=&#8221;left&#8221; side_padding=&#8221;10px 10px&#8221; css_animation=&#8221;&#8221;][vc_column_inner width=&#8221;1\/4&#8243;][vc_single_image image=&#8221;4457&#8243; img_size=&#8221;full&#8221; alignment=&#8221;center&#8221; qode_css_animation=&#8221;&#8221;][vc_empty_space][vc_column_text]<\/p>\n<h3 style=\"text-align: center;\"><strong>DEMANA I RECULL DEM\u00c0<\/strong><\/h3>\n<p>[\/vc_column_text][vc_column_text]<\/p>\n<p style=\"text-align: center;\">Pots fer la teva comanda<br \/>\n<strong>abans de les 15h<\/strong> per l\u2019endem\u00e0.<\/p>\n<p style=\"text-align: center;\">A <strong>partir de les 15h<\/strong>, pots fer la<br \/>\ncomanda per dem\u00e0 passat.<\/p>\n<p>[\/vc_column_text][\/vc_column_inner][vc_column_inner width=&#8221;1\/4&#8243;][vc_single_image image=&#8221;4444&#8243; img_size=&#8221;full&#8221; alignment=&#8221;center&#8221; qode_css_animation=&#8221;&#8221;][vc_empty_space][vc_column_text]<\/p>\n<h3 style=\"text-align: center;\"><strong>CUINEM<\/strong><\/h3>\n<p>[\/vc_column_text][vc_column_text]<\/p>\n<p style=\"text-align: center;\">Cuinem cada dia, per oferir-te un producte de qualitat.<\/p>\n<p>[\/vc_column_text][\/vc_column_inner][vc_column_inner width=&#8221;1\/4&#8243;][vc_single_image image=&#8221;4450&#8243; img_size=&#8221;full&#8221; alignment=&#8221;center&#8221; qode_css_animation=&#8221;&#8221;][vc_empty_space][vc_column_text]<\/p>\n<h3 style=\"text-align: center;\"><strong>RECULL<\/strong><\/h3>\n<p>[\/vc_column_text][vc_column_text]<\/p>\n<p style=\"text-align: center;\">Recull la teva comanda a partir de les 12 h fins a les 16 h.<\/p>\n<p>[\/vc_column_text][\/vc_column_inner][vc_column_inner width=&#8221;1\/4&#8243;][vc_single_image image=&#8221;4447&#8243; img_size=&#8221;full&#8221; alignment=&#8221;center&#8221; qode_css_animation=&#8221;&#8221;][vc_empty_space][vc_column_text]<\/p>\n<h3 style=\"text-align: center;\"><strong>BON PROFIT!<\/strong><\/h3>\n<p>[\/vc_column_text][vc_column_text]<\/p>\n<p style=\"text-align: center;\">Gaudeix del teu \u00e0pat cada dia de manera sana, equilibrada i sense fer la compra, ni cuinar ni netejar.<\/p>\n<p>[\/vc_column_text][\/vc_column_inner][\/vc_row_inner][vc_empty_space height=&#8221;100px&#8221;][\/vc_column][\/vc_row]<\/p>\n<\/div>","protected":false},"excerpt":{"rendered":"<p>[vc_row row_type=&#8221;row&#8221; use_row_as_full_screen_section=&#8221;no&#8221; type=&#8221;full_width&#8221; text_align=&#8221;left&#8221; background_animation=&#8221;none&#8221; css_animation=&#8221;&#8221;][vc_column][vc_empty_space height=&#8221;45px&#8221;][vc_column_text] ELS NOSTRES FOGONS COMEN\u00c7EN A XIULAR. [\/vc_column_text][vc_empty_space height=&#8221;45px&#8221;][vc_row_inner row_type=&#8221;row&#8221; type=&#8221;full_width&#8221; use_row_as_full_screen_section_slide=&#8221;no&#8221; text_align=&#8221;center&#8221; css_animation=&#8221;&#8221;][vc_column_inner width=&#8221;1\/4&#8243;][\/vc_column_inner][vc_column_inner width=&#8221;1\/2&#8243;][vc_column_text] Per fi despr\u00e9s de tres mesos tornem a obrir les portes, amb la cuina que sabem fer, tradicional, mediterr\u00e0nia, rica i sana&#8230;.<\/p>\n","protected":false},"author":4,"featured_media":0,"parent":0,"menu_order":4,"comment_status":"closed","ping_status":"closed","template":"landing.php","meta":{"_monsterinsights_skip_tracking":false,"_monsterinsights_sitenote_active":false,"_monsterinsights_sitenote_note":"","_monsterinsights_sitenote_category":0,"footnotes":""},"class_list":["post-4769","page","type-page","status-publish","hentry"],"yoast_head":"<!-- This site is optimized with the Yoast SEO plugin v27.5 - https:\/\/yoast.com\/product\/yoast-seo-wordpress\/ -->\n<title>BENVINGUTS - Restaurant La Rambla<\/title>\n<meta name=\"robots\" content=\"index, follow, max-snippet:-1, max-image-preview:large, max-video-preview:-1\" \/>\n<link rel=\"canonical\" href=\"https:\/\/restaurantlarambla.com\/index.php\/benvinguts\/\" \/>\n<meta property=\"og:locale\" content=\"ca_ES\" \/>\n<meta property=\"og:type\" content=\"article\" \/>\n<meta property=\"og:title\" content=\"BENVINGUTS - Restaurant La Rambla\" \/>\n<meta property=\"og:description\" content=\"[vc_row row_type=&#8221;row&#8221; use_row_as_full_screen_section=&#8221;no&#8221; type=&#8221;full_width&#8221; text_align=&#8221;left&#8221; background_animation=&#8221;none&#8221; css_animation=&#8221;&#8221;][vc_column][vc_empty_space height=&#8221;45px&#8221;][vc_column_text] ELS NOSTRES FOGONS COMEN\u00c7EN A XIULAR. [\/vc_column_text][vc_empty_space height=&#8221;45px&#8221;][vc_row_inner row_type=&#8221;row&#8221; type=&#8221;full_width&#8221; use_row_as_full_screen_section_slide=&#8221;no&#8221; text_align=&#8221;center&#8221; css_animation=&#8221;&#8221;][vc_column_inner width=&#8221;1\/4&#8243;][\/vc_column_inner][vc_column_inner width=&#8221;1\/2&#8243;][vc_column_text] Per fi despr\u00e9s de tres mesos tornem a obrir les portes, amb la cuina que sabem fer, tradicional, mediterr\u00e0nia, rica i sana....\" \/>\n<meta property=\"og:url\" content=\"https:\/\/restaurantlarambla.com\/index.php\/benvinguts\/\" \/>\n<meta property=\"og:site_name\" content=\"Restaurant La Rambla\" \/>\n<meta property=\"article:publisher\" content=\"https:\/\/www.facebook.com\/RestaurantlaRambla\" \/>\n<meta property=\"article:modified_time\" content=\"2020-06-16T07:03:41+00:00\" \/>\n<meta name=\"twitter:card\" content=\"summary_large_image\" \/>\n<meta name=\"twitter:label1\" content=\"Temps estimat de lectura\" \/>\n\t<meta name=\"twitter:data1\" content=\"4 minuts\" \/>\n<script type=\"application\/ld+json\" class=\"yoast-schema-graph\">{\"@context\":\"https:\\\/\\\/schema.org\",\"@graph\":[{\"@type\":\"WebPage\",\"@id\":\"https:\\\/\\\/restaurantlarambla.com\\\/index.php\\\/benvinguts\\\/\",\"url\":\"https:\\\/\\\/restaurantlarambla.com\\\/index.php\\\/benvinguts\\\/\",\"name\":\"BENVINGUTS - Restaurant La Rambla\",\"isPartOf\":{\"@id\":\"https:\\\/\\\/restaurantlarambla.com\\\/#website\"},\"datePublished\":\"2020-06-12T10:51:54+00:00\",\"dateModified\":\"2020-06-16T07:03:41+00:00\",\"breadcrumb\":{\"@id\":\"https:\\\/\\\/restaurantlarambla.com\\\/index.php\\\/benvinguts\\\/#breadcrumb\"},\"inLanguage\":\"ca\",\"potentialAction\":[{\"@type\":\"ReadAction\",\"target\":[\"https:\\\/\\\/restaurantlarambla.com\\\/index.php\\\/benvinguts\\\/\"]}]},{\"@type\":\"BreadcrumbList\",\"@id\":\"https:\\\/\\\/restaurantlarambla.com\\\/index.php\\\/benvinguts\\\/#breadcrumb\",\"itemListElement\":[{\"@type\":\"ListItem\",\"position\":1,\"name\":\"Inici\",\"item\":\"https:\\\/\\\/restaurantlarambla.com\\\/\"},{\"@type\":\"ListItem\",\"position\":2,\"name\":\"BENVINGUTS\"}]},{\"@type\":\"WebSite\",\"@id\":\"https:\\\/\\\/restaurantlarambla.com\\\/#website\",\"url\":\"https:\\\/\\\/restaurantlarambla.com\\\/\",\"name\":\"Restaurant La Rambla\",\"description\":\"Daily Food Market\",\"publisher\":{\"@id\":\"https:\\\/\\\/restaurantlarambla.com\\\/#organization\"},\"potentialAction\":[{\"@type\":\"SearchAction\",\"target\":{\"@type\":\"EntryPoint\",\"urlTemplate\":\"https:\\\/\\\/restaurantlarambla.com\\\/?s={search_term_string}\"},\"query-input\":{\"@type\":\"PropertyValueSpecification\",\"valueRequired\":true,\"valueName\":\"search_term_string\"}}],\"inLanguage\":\"ca\"},{\"@type\":\"Organization\",\"@id\":\"https:\\\/\\\/restaurantlarambla.com\\\/#organization\",\"name\":\"Restaurant La Rambla\",\"url\":\"https:\\\/\\\/restaurantlarambla.com\\\/\",\"logo\":{\"@type\":\"ImageObject\",\"inLanguage\":\"ca\",\"@id\":\"https:\\\/\\\/restaurantlarambla.com\\\/#\\\/schema\\\/logo\\\/image\\\/\",\"url\":\"https:\\\/\\\/restaurantlarambla.com\\\/wp-content\\\/uploads\\\/2023\\\/11\\\/Logo_La_Rambla_web-1.png\",\"contentUrl\":\"https:\\\/\\\/restaurantlarambla.com\\\/wp-content\\\/uploads\\\/2023\\\/11\\\/Logo_La_Rambla_web-1.png\",\"width\":307,\"height\":113,\"caption\":\"Restaurant La Rambla\"},\"image\":{\"@id\":\"https:\\\/\\\/restaurantlarambla.com\\\/#\\\/schema\\\/logo\\\/image\\\/\"},\"sameAs\":[\"https:\\\/\\\/www.facebook.com\\\/RestaurantlaRambla\",\"https:\\\/\\\/www.instagram.com\\\/restaurantlarambla\\\/?hl=es\"]}]}<\/script>\n<!-- \/ Yoast SEO plugin. -->","yoast_head_json":{"title":"BENVINGUTS - Restaurant La Rambla","robots":{"index":"index","follow":"follow","max-snippet":"max-snippet:-1","max-image-preview":"max-image-preview:large","max-video-preview":"max-video-preview:-1"},"canonical":"https:\/\/restaurantlarambla.com\/index.php\/benvinguts\/","og_locale":"ca_ES","og_type":"article","og_title":"BENVINGUTS - Restaurant La Rambla","og_description":"[vc_row row_type=&#8221;row&#8221; use_row_as_full_screen_section=&#8221;no&#8221; type=&#8221;full_width&#8221; text_align=&#8221;left&#8221; background_animation=&#8221;none&#8221; css_animation=&#8221;&#8221;][vc_column][vc_empty_space height=&#8221;45px&#8221;][vc_column_text] ELS NOSTRES FOGONS COMEN\u00c7EN A XIULAR. [\/vc_column_text][vc_empty_space height=&#8221;45px&#8221;][vc_row_inner row_type=&#8221;row&#8221; type=&#8221;full_width&#8221; use_row_as_full_screen_section_slide=&#8221;no&#8221; text_align=&#8221;center&#8221; css_animation=&#8221;&#8221;][vc_column_inner width=&#8221;1\/4&#8243;][\/vc_column_inner][vc_column_inner width=&#8221;1\/2&#8243;][vc_column_text] Per fi despr\u00e9s de tres mesos tornem a obrir les portes, amb la cuina que sabem fer, tradicional, mediterr\u00e0nia, rica i sana....","og_url":"https:\/\/restaurantlarambla.com\/index.php\/benvinguts\/","og_site_name":"Restaurant La Rambla","article_publisher":"https:\/\/www.facebook.com\/RestaurantlaRambla","article_modified_time":"2020-06-16T07:03:41+00:00","twitter_card":"summary_large_image","twitter_misc":{"Temps estimat de lectura":"4 minuts"},"schema":{"@context":"https:\/\/schema.org","@graph":[{"@type":"WebPage","@id":"https:\/\/restaurantlarambla.com\/index.php\/benvinguts\/","url":"https:\/\/restaurantlarambla.com\/index.php\/benvinguts\/","name":"BENVINGUTS - Restaurant La Rambla","isPartOf":{"@id":"https:\/\/restaurantlarambla.com\/#website"},"datePublished":"2020-06-12T10:51:54+00:00","dateModified":"2020-06-16T07:03:41+00:00","breadcrumb":{"@id":"https:\/\/restaurantlarambla.com\/index.php\/benvinguts\/#breadcrumb"},"inLanguage":"ca","potentialAction":[{"@type":"ReadAction","target":["https:\/\/restaurantlarambla.com\/index.php\/benvinguts\/"]}]},{"@type":"BreadcrumbList","@id":"https:\/\/restaurantlarambla.com\/index.php\/benvinguts\/#breadcrumb","itemListElement":[{"@type":"ListItem","position":1,"name":"Inici","item":"https:\/\/restaurantlarambla.com\/"},{"@type":"ListItem","position":2,"name":"BENVINGUTS"}]},{"@type":"WebSite","@id":"https:\/\/restaurantlarambla.com\/#website","url":"https:\/\/restaurantlarambla.com\/","name":"Restaurant La Rambla","description":"Daily Food Market","publisher":{"@id":"https:\/\/restaurantlarambla.com\/#organization"},"potentialAction":[{"@type":"SearchAction","target":{"@type":"EntryPoint","urlTemplate":"https:\/\/restaurantlarambla.com\/?s={search_term_string}"},"query-input":{"@type":"PropertyValueSpecification","valueRequired":true,"valueName":"search_term_string"}}],"inLanguage":"ca"},{"@type":"Organization","@id":"https:\/\/restaurantlarambla.com\/#organization","name":"Restaurant La Rambla","url":"https:\/\/restaurantlarambla.com\/","logo":{"@type":"ImageObject","inLanguage":"ca","@id":"https:\/\/restaurantlarambla.com\/#\/schema\/logo\/image\/","url":"https:\/\/restaurantlarambla.com\/wp-content\/uploads\/2023\/11\/Logo_La_Rambla_web-1.png","contentUrl":"https:\/\/restaurantlarambla.com\/wp-content\/uploads\/2023\/11\/Logo_La_Rambla_web-1.png","width":307,"height":113,"caption":"Restaurant La Rambla"},"image":{"@id":"https:\/\/restaurantlarambla.com\/#\/schema\/logo\/image\/"},"sameAs":["https:\/\/www.facebook.com\/RestaurantlaRambla","https:\/\/www.instagram.com\/restaurantlarambla\/?hl=es"]}]}},"_links":{"self":[{"href":"https:\/\/restaurantlarambla.com\/index.php\/wp-json\/wp\/v2\/pages\/4769","targetHints":{"allow":["GET"]}}],"collection":[{"href":"https:\/\/restaurantlarambla.com\/index.php\/wp-json\/wp\/v2\/pages"}],"about":[{"href":"https:\/\/restaurantlarambla.com\/index.php\/wp-json\/wp\/v2\/types\/page"}],"author":[{"embeddable":true,"href":"https:\/\/restaurantlarambla.com\/index.php\/wp-json\/wp\/v2\/users\/4"}],"replies":[{"embeddable":true,"href":"https:\/\/restaurantlarambla.com\/index.php\/wp-json\/wp\/v2\/comments?post=4769"}],"version-history":[{"count":21,"href":"https:\/\/restaurantlarambla.com\/index.php\/wp-json\/wp\/v2\/pages\/4769\/revisions"}],"predecessor-version":[{"id":4835,"href":"https:\/\/restaurantlarambla.com\/index.php\/wp-json\/wp\/v2\/pages\/4769\/revisions\/4835"}],"wp:attachment":[{"href":"https:\/\/restaurantlarambla.com\/index.php\/wp-json\/wp\/v2\/media?parent=4769"}],"curies":[{"name":"wp","href":"https:\/\/api.w.org\/{rel}","templated":true}]}}