{"id":6336,"date":"2021-11-04T19:34:31","date_gmt":"2021-11-04T18:34:31","guid":{"rendered":"https:\/\/restaurantlarambla.com\/?page_id=6336"},"modified":"2021-11-04T19:34:31","modified_gmt":"2021-11-04T18:34:31","slug":"ano-nuevo","status":"publish","type":"page","link":"https:\/\/restaurantlarambla.com\/index.php\/ano-nuevo\/?lang=es","title":{"rendered":"A\u00d1O NUEVO"},"content":{"rendered":"<div class=\"wpb-content-wrapper\"><p>[vc_row][vc_column][vc_row_inner][vc_column_inner][vc_empty_space][\/vc_column_inner][\/vc_row_inner][vc_single_image image=&#8221;6326&#8243; img_size=&#8221;full&#8221; alignment=&#8221;center&#8221;][vc_empty_space][vc_row_inner][vc_column_inner width=&#8221;1\/2&#8243;][vc_btn title=&#8221;RESERVA TU MESA&#8221; align=&#8221;right&#8221; link=&#8221;url:https%3A%2F%2Frestaurantlarambla.com%2Findex.php%2Freserves%2F&#8221;][\/vc_column_inner][vc_column_inner width=&#8221;1\/2&#8243;][vc_btn title=&#8221;DASC\u00c1RGATE EL MEN\u00da&#8221; align=&#8221;left&#8221; link=&#8221;url:https%3A%2F%2Frestaurantlarambla.com%2Fnadal_stesteve-rambla_21_cast-2%2F%3Flang%3Des&#8221;][\/vc_column_inner][\/vc_row_inner][vc_row_inner][vc_column_inner][\/vc_column_inner][\/vc_row_inner][vc_empty_space][vc_column_text]<\/p>\n<p style=\"text-align: center;\"><span style=\"color: #000000;\"><strong>PRIMEROS<\/strong><\/span><br \/>\nSopa de Navidad con galets y \u201cpilota\u201d<br \/>\nCaldereta de rape y gambas<br \/>\nNuestro canel\u00f3n XL de pasta fresca con rustido de pay\u00e9s y bechamel trufada<br \/>\nEnsalada de verduras, quinoa, cigalas, salm\u00f3n y aguacate con vinagreta de miel, mostaza y soja<br \/>\nRisotto de boletus con foie po\u00eal\u00e9<br \/>\nSorrentino de rovellones y butifarra del Montseny<br \/>\nCrujiente de rape, cigalas y verduritas con salsa de rebozuelos<br \/>\nCarpaccio de ternera con escamas de parmesano y vinagreta de setas y mostaza<\/p>\n<p style=\"text-align: center;\"><span style=\"color: #000000;\"><strong>SEGUNDOS<\/strong><\/span><br \/>\nMorro de bacalao gratinado a la mouselina de manzana y miel con tallarines de cebolla<br \/>\nRape a la marinera con gambas y cigalas<br \/>\nMar y monta\u00f1a de rodaballo, rebozuelos y pies de cerdo sin faena<br \/>\nCochinillo confitado y sin faena con salsa de Ratafia<br \/>\nMeloso de cabrito, albaricoques, boniato y Armagnac<br \/>\nFricand\u00f3 de Navidad con setas y n\u00edscalos<br \/>\nHamburguesa de solomillo de ternera y papada ib\u00e9rica con fo ie po\u00eal\u00e9 y salsa oporto<\/p>\n<p style=\"text-align: center;\"><span style=\"color: #000000;\"><strong>POSTRES<\/strong><\/span><br \/>\nPanna cotta de mel i mat\u00f3 con nueces caramelizadas y espuma de miel<br \/>\nPastel de mango, pasi\u00f3n y caf\u00e9 con helado de mango<br \/>\nMousse de yogur y lima con espuma de mandarina<br \/>\nCoulant de chocolate, crumble de cacao y helado de vainilla<br \/>\nRaviolis de pi\u00f1a y coco con helado de coco<br \/>\nProfiteroles de nata con chocolate fondant<br \/>\nSorbete de mojito<\/p>\n<p style=\"text-align: center;\"><span style=\"color: #000000;\"><strong>BODEGA<\/strong><\/span><br \/>\nAguas Minerales<br \/>\nVino Tinto G\u00f3mez de Segura &#8220;Rioja&#8221;<br \/>\nVino Blanco White &#8211; Heretat Mont Rub\u00ed &#8220;Pened\u00e8s&#8221;<br \/>\nParxet &#8211; Cava Brut Reserva<br \/>\nCaf\u00e9s y Surtido de Turrones<\/p>\n<p>[\/vc_column_text][vc_empty_space][vc_column_text css=&#8221;.vc_custom_1636047045523{background-color: #727272 !important;}&#8221;]<\/p>\n<h4 style=\"text-align: center;\"><span style=\"color: #ffffff;\">63\u20ac (IVA incluido)<\/span><\/h4>\n<p>[\/vc_column_text][vc_empty_space][vc_column_text]<\/p>\n<h4 style=\"text-align: center;\">PARA LOS PEQUE\u00d1OS<\/h4>\n<p style=\"text-align: center;\">(Men\u00fa Infantil v\u00e1lido hasta 12 a\u00f1os)<\/p>\n<hr \/>\n<p style=\"text-align: center;\"><strong><span style=\"color: #000000;\">PRIMEROS<\/span><\/strong><br \/>\nCanel\u00f3n de la Abuela con asado de Navidad y bechamel<br \/>\nSopa de Navidad con galets y pelota de cocido<br \/>\nMacarrones rigatone a la bolo\u00f1esa<\/p>\n<p style=\"text-align: center;\"><span style=\"color: #000000;\"><strong>SEGUNDOS<\/strong><\/span><br \/>\nHamburguesa de solomillo de ternera y papada ib\u00e9rica con patatas fritas<br \/>\nCostillas de cordero a la brasa<br \/>\nPollo de corral a la brasa con patatas fritas<\/p>\n<p style=\"text-align: center;\"><span style=\"color: #000000;\"><strong>POSTRES<\/strong><\/span><br \/>\nYogur natural con Oreo<br \/>\nProfiteroles de nata y chocolate fondant<br \/>\nHelado de vainilla con xocolate fundido<br \/>\nAguas Minerales o Refresco<\/p>\n<p style=\"text-align: center;\"><span style=\"color: #000000;\"><strong>\u00a0<\/strong><\/span><\/p>\n<p>[\/vc_column_text][vc_column_text css=&#8221;.vc_custom_1636047115795{background-color: #727272 !important;}&#8221;]<\/p>\n<h4 style=\"text-align: center;\"><span style=\"color: #ffffff;\">39 \u20ac (IVA incluido)<\/span><\/h4>\n<p>[\/vc_column_text][vc_empty_space][\/vc_column][\/vc_row]<\/p>\n<\/div>","protected":false},"excerpt":{"rendered":"<p>[vc_row][vc_column][vc_row_inner][vc_column_inner][vc_empty_space][\/vc_column_inner][\/vc_row_inner][vc_single_image image=&#8221;6326&#8243; img_size=&#8221;full&#8221; alignment=&#8221;center&#8221;][vc_empty_space][vc_row_inner][vc_column_inner width=&#8221;1\/2&#8243;][vc_btn title=&#8221;RESERVA TU MESA&#8221; align=&#8221;right&#8221; link=&#8221;url:https%3A%2F%2Frestaurantlarambla.com%2Findex.php%2Freserves%2F&#8221;][\/vc_column_inner][vc_column_inner width=&#8221;1\/2&#8243;][vc_btn title=&#8221;DASC\u00c1RGATE EL MEN\u00da&#8221; align=&#8221;left&#8221; link=&#8221;url:https%3A%2F%2Frestaurantlarambla.com%2Fnadal_stesteve-rambla_21_cast-2%2F%3Flang%3Des&#8221;][\/vc_column_inner][\/vc_row_inner][vc_row_inner][vc_column_inner][\/vc_column_inner][\/vc_row_inner][vc_empty_space][vc_column_text] PRIMEROS Sopa de Navidad con galets y \u201cpilota\u201d Caldereta de rape y gambas Nuestro canel\u00f3n XL de pasta fresca con rustido de pay\u00e9s y bechamel trufada Ensalada de verduras,&#8230;<\/p>\n","protected":false},"author":4,"featured_media":0,"parent":0,"menu_order":110,"comment_status":"closed","ping_status":"closed","template":"","meta":{"_monsterinsights_skip_tracking":false,"_monsterinsights_sitenote_active":false,"_monsterinsights_sitenote_note":"","_monsterinsights_sitenote_category":0,"footnotes":""},"class_list":["post-6336","page","type-page","status-publish","hentry"],"yoast_head":"<!-- This site is optimized with the Yoast SEO plugin v27.5 - https:\/\/yoast.com\/product\/yoast-seo-wordpress\/ -->\n<title>A\u00d1O NUEVO - Restaurant La Rambla<\/title>\n<meta name=\"robots\" content=\"index, follow, max-snippet:-1, max-image-preview:large, max-video-preview:-1\" \/>\n<link rel=\"canonical\" href=\"https:\/\/restaurantlarambla.com\/index.php\/ano-nuevo\/\" \/>\n<meta property=\"og:locale\" content=\"ca_ES\" \/>\n<meta property=\"og:type\" content=\"article\" \/>\n<meta property=\"og:title\" content=\"A\u00d1O NUEVO - Restaurant La Rambla\" \/>\n<meta property=\"og:description\" content=\"[vc_row][vc_column][vc_row_inner][vc_column_inner][vc_empty_space][\/vc_column_inner][\/vc_row_inner][vc_single_image image=&#8221;6326&#8243; img_size=&#8221;full&#8221; alignment=&#8221;center&#8221;][vc_empty_space][vc_row_inner][vc_column_inner width=&#8221;1\/2&#8243;][vc_btn title=&#8221;RESERVA TU MESA&#8221; align=&#8221;right&#8221; link=&#8221;url:https%3A%2F%2Frestaurantlarambla.com%2Findex.php%2Freserves%2F&#8221;][\/vc_column_inner][vc_column_inner width=&#8221;1\/2&#8243;][vc_btn title=&#8221;DASC\u00c1RGATE EL MEN\u00da&#8221; align=&#8221;left&#8221; link=&#8221;url:https%3A%2F%2Frestaurantlarambla.com%2Fnadal_stesteve-rambla_21_cast-2%2F%3Flang%3Des&#8221;][\/vc_column_inner][\/vc_row_inner][vc_row_inner][vc_column_inner][\/vc_column_inner][\/vc_row_inner][vc_empty_space][vc_column_text] PRIMEROS Sopa de Navidad con galets y \u201cpilota\u201d Caldereta de rape y gambas Nuestro canel\u00f3n XL de pasta fresca con rustido de pay\u00e9s y bechamel trufada Ensalada de verduras,...\" \/>\n<meta property=\"og:url\" content=\"https:\/\/restaurantlarambla.com\/index.php\/ano-nuevo\/?lang=es\" \/>\n<meta property=\"og:site_name\" content=\"Restaurant La Rambla\" \/>\n<meta property=\"article:publisher\" content=\"https:\/\/www.facebook.com\/RestaurantlaRambla\" \/>\n<meta name=\"twitter:card\" content=\"summary_large_image\" \/>\n<meta name=\"twitter:label1\" content=\"Temps estimat de lectura\" \/>\n\t<meta name=\"twitter:data1\" content=\"2 minuts\" \/>\n<script type=\"application\/ld+json\" class=\"yoast-schema-graph\">{\"@context\":\"https:\\\/\\\/schema.org\",\"@graph\":[{\"@type\":\"WebPage\",\"@id\":\"https:\\\/\\\/restaurantlarambla.com\\\/index.php\\\/ano-nuevo\\\/?lang=es\",\"url\":\"https:\\\/\\\/restaurantlarambla.com\\\/index.php\\\/ano-nuevo\\\/?lang=es\",\"name\":\"A\u00d1O NUEVO - Restaurant La Rambla\",\"isPartOf\":{\"@id\":\"https:\\\/\\\/restaurantlarambla.com\\\/#website\"},\"datePublished\":\"2021-11-04T18:34:31+00:00\",\"breadcrumb\":{\"@id\":\"https:\\\/\\\/restaurantlarambla.com\\\/index.php\\\/ano-nuevo\\\/?lang=es#breadcrumb\"},\"inLanguage\":\"ca\",\"potentialAction\":[{\"@type\":\"ReadAction\",\"target\":[\"https:\\\/\\\/restaurantlarambla.com\\\/index.php\\\/ano-nuevo\\\/?lang=es\"]}]},{\"@type\":\"BreadcrumbList\",\"@id\":\"https:\\\/\\\/restaurantlarambla.com\\\/index.php\\\/ano-nuevo\\\/?lang=es#breadcrumb\",\"itemListElement\":[{\"@type\":\"ListItem\",\"position\":1,\"name\":\"Inici\",\"item\":\"https:\\\/\\\/restaurantlarambla.com\\\/\"},{\"@type\":\"ListItem\",\"position\":2,\"name\":\"A\u00d1O NUEVO\"}]},{\"@type\":\"WebSite\",\"@id\":\"https:\\\/\\\/restaurantlarambla.com\\\/#website\",\"url\":\"https:\\\/\\\/restaurantlarambla.com\\\/\",\"name\":\"Restaurant La Rambla\",\"description\":\"Daily Food Market\",\"publisher\":{\"@id\":\"https:\\\/\\\/restaurantlarambla.com\\\/#organization\"},\"potentialAction\":[{\"@type\":\"SearchAction\",\"target\":{\"@type\":\"EntryPoint\",\"urlTemplate\":\"https:\\\/\\\/restaurantlarambla.com\\\/?s={search_term_string}\"},\"query-input\":{\"@type\":\"PropertyValueSpecification\",\"valueRequired\":true,\"valueName\":\"search_term_string\"}}],\"inLanguage\":\"ca\"},{\"@type\":\"Organization\",\"@id\":\"https:\\\/\\\/restaurantlarambla.com\\\/#organization\",\"name\":\"Restaurant La Rambla\",\"url\":\"https:\\\/\\\/restaurantlarambla.com\\\/\",\"logo\":{\"@type\":\"ImageObject\",\"inLanguage\":\"ca\",\"@id\":\"https:\\\/\\\/restaurantlarambla.com\\\/#\\\/schema\\\/logo\\\/image\\\/\",\"url\":\"https:\\\/\\\/restaurantlarambla.com\\\/wp-content\\\/uploads\\\/2023\\\/11\\\/Logo_La_Rambla_web-1.png\",\"contentUrl\":\"https:\\\/\\\/restaurantlarambla.com\\\/wp-content\\\/uploads\\\/2023\\\/11\\\/Logo_La_Rambla_web-1.png\",\"width\":307,\"height\":113,\"caption\":\"Restaurant La Rambla\"},\"image\":{\"@id\":\"https:\\\/\\\/restaurantlarambla.com\\\/#\\\/schema\\\/logo\\\/image\\\/\"},\"sameAs\":[\"https:\\\/\\\/www.facebook.com\\\/RestaurantlaRambla\",\"https:\\\/\\\/www.instagram.com\\\/restaurantlarambla\\\/?hl=es\"]}]}<\/script>\n<!-- \/ Yoast SEO plugin. -->","yoast_head_json":{"title":"A\u00d1O NUEVO - Restaurant La Rambla","robots":{"index":"index","follow":"follow","max-snippet":"max-snippet:-1","max-image-preview":"max-image-preview:large","max-video-preview":"max-video-preview:-1"},"canonical":"https:\/\/restaurantlarambla.com\/index.php\/ano-nuevo\/","og_locale":"ca_ES","og_type":"article","og_title":"A\u00d1O NUEVO - Restaurant La Rambla","og_description":"[vc_row][vc_column][vc_row_inner][vc_column_inner][vc_empty_space][\/vc_column_inner][\/vc_row_inner][vc_single_image image=&#8221;6326&#8243; img_size=&#8221;full&#8221; alignment=&#8221;center&#8221;][vc_empty_space][vc_row_inner][vc_column_inner width=&#8221;1\/2&#8243;][vc_btn title=&#8221;RESERVA TU MESA&#8221; align=&#8221;right&#8221; link=&#8221;url:https%3A%2F%2Frestaurantlarambla.com%2Findex.php%2Freserves%2F&#8221;][\/vc_column_inner][vc_column_inner width=&#8221;1\/2&#8243;][vc_btn title=&#8221;DASC\u00c1RGATE EL MEN\u00da&#8221; align=&#8221;left&#8221; link=&#8221;url:https%3A%2F%2Frestaurantlarambla.com%2Fnadal_stesteve-rambla_21_cast-2%2F%3Flang%3Des&#8221;][\/vc_column_inner][\/vc_row_inner][vc_row_inner][vc_column_inner][\/vc_column_inner][\/vc_row_inner][vc_empty_space][vc_column_text] PRIMEROS Sopa de Navidad con galets y \u201cpilota\u201d Caldereta de rape y gambas Nuestro canel\u00f3n XL de pasta fresca con rustido de pay\u00e9s y bechamel trufada Ensalada de verduras,...","og_url":"https:\/\/restaurantlarambla.com\/index.php\/ano-nuevo\/?lang=es","og_site_name":"Restaurant La Rambla","article_publisher":"https:\/\/www.facebook.com\/RestaurantlaRambla","twitter_card":"summary_large_image","twitter_misc":{"Temps estimat de lectura":"2 minuts"},"schema":{"@context":"https:\/\/schema.org","@graph":[{"@type":"WebPage","@id":"https:\/\/restaurantlarambla.com\/index.php\/ano-nuevo\/?lang=es","url":"https:\/\/restaurantlarambla.com\/index.php\/ano-nuevo\/?lang=es","name":"A\u00d1O NUEVO - Restaurant La Rambla","isPartOf":{"@id":"https:\/\/restaurantlarambla.com\/#website"},"datePublished":"2021-11-04T18:34:31+00:00","breadcrumb":{"@id":"https:\/\/restaurantlarambla.com\/index.php\/ano-nuevo\/?lang=es#breadcrumb"},"inLanguage":"ca","potentialAction":[{"@type":"ReadAction","target":["https:\/\/restaurantlarambla.com\/index.php\/ano-nuevo\/?lang=es"]}]},{"@type":"BreadcrumbList","@id":"https:\/\/restaurantlarambla.com\/index.php\/ano-nuevo\/?lang=es#breadcrumb","itemListElement":[{"@type":"ListItem","position":1,"name":"Inici","item":"https:\/\/restaurantlarambla.com\/"},{"@type":"ListItem","position":2,"name":"A\u00d1O NUEVO"}]},{"@type":"WebSite","@id":"https:\/\/restaurantlarambla.com\/#website","url":"https:\/\/restaurantlarambla.com\/","name":"Restaurant La Rambla","description":"Daily Food Market","publisher":{"@id":"https:\/\/restaurantlarambla.com\/#organization"},"potentialAction":[{"@type":"SearchAction","target":{"@type":"EntryPoint","urlTemplate":"https:\/\/restaurantlarambla.com\/?s={search_term_string}"},"query-input":{"@type":"PropertyValueSpecification","valueRequired":true,"valueName":"search_term_string"}}],"inLanguage":"ca"},{"@type":"Organization","@id":"https:\/\/restaurantlarambla.com\/#organization","name":"Restaurant La Rambla","url":"https:\/\/restaurantlarambla.com\/","logo":{"@type":"ImageObject","inLanguage":"ca","@id":"https:\/\/restaurantlarambla.com\/#\/schema\/logo\/image\/","url":"https:\/\/restaurantlarambla.com\/wp-content\/uploads\/2023\/11\/Logo_La_Rambla_web-1.png","contentUrl":"https:\/\/restaurantlarambla.com\/wp-content\/uploads\/2023\/11\/Logo_La_Rambla_web-1.png","width":307,"height":113,"caption":"Restaurant La Rambla"},"image":{"@id":"https:\/\/restaurantlarambla.com\/#\/schema\/logo\/image\/"},"sameAs":["https:\/\/www.facebook.com\/RestaurantlaRambla","https:\/\/www.instagram.com\/restaurantlarambla\/?hl=es"]}]}},"_links":{"self":[{"href":"https:\/\/restaurantlarambla.com\/index.php\/wp-json\/wp\/v2\/pages\/6336","targetHints":{"allow":["GET"]}}],"collection":[{"href":"https:\/\/restaurantlarambla.com\/index.php\/wp-json\/wp\/v2\/pages"}],"about":[{"href":"https:\/\/restaurantlarambla.com\/index.php\/wp-json\/wp\/v2\/types\/page"}],"author":[{"embeddable":true,"href":"https:\/\/restaurantlarambla.com\/index.php\/wp-json\/wp\/v2\/users\/4"}],"replies":[{"embeddable":true,"href":"https:\/\/restaurantlarambla.com\/index.php\/wp-json\/wp\/v2\/comments?post=6336"}],"version-history":[{"count":1,"href":"https:\/\/restaurantlarambla.com\/index.php\/wp-json\/wp\/v2\/pages\/6336\/revisions"}],"predecessor-version":[{"id":6337,"href":"https:\/\/restaurantlarambla.com\/index.php\/wp-json\/wp\/v2\/pages\/6336\/revisions\/6337"}],"wp:attachment":[{"href":"https:\/\/restaurantlarambla.com\/index.php\/wp-json\/wp\/v2\/media?parent=6336"}],"curies":[{"name":"wp","href":"https:\/\/api.w.org\/{rel}","templated":true}]}}