{"id":83,"date":"2016-03-25T13:07:04","date_gmt":"2016-03-25T13:07:04","guid":{"rendered":"http:\/\/stockholm12.select-themes.com\/?page_id=83"},"modified":"2022-03-07T18:44:24","modified_gmt":"2022-03-07T17:44:24","slug":"about-the-restaurant","status":"publish","type":"page","link":"https:\/\/restaurantlarambla.com\/index.php\/about-the-restaurant\/","title":{"rendered":"C\u00c0TERING EMPRESES"},"content":{"rendered":"<div class=\"wpb-content-wrapper\"><p>[vc_row row_type=&#8221;row&#8221; use_row_as_full_screen_section=&#8221;no&#8221; type=&#8221;grid&#8221; text_align=&#8221;center&#8221; padding_bottom=&#8221;100&#8243;][vc_column width=&#8221;5\/6&#8243; offset=&#8221;vc_col-sm-offset-1&#8243;][vc_column_text]<\/p>\n<h2>Cuinem i t&#8217;ho portem<\/h2>\n<p>[\/vc_column_text][vc_empty_space height=&#8221;27px&#8221;][vc_column_text]<\/p>\n<h5><span style=\"color: #676767;\">T\u2019ho posem f\u00e0cil, ingredients de qualitat, cuinats cada dia per oferir uns men\u00fas de qualitat variat i equilibrats, tria cada dia el que vols menjar.<br \/>\n<\/span><\/h5>\n<p>[\/vc_column_text][\/vc_column][\/vc_row][vc_row row_type=&#8221;row&#8221; use_row_as_full_screen_section=&#8221;no&#8221; type=&#8221;grid&#8221; text_align=&#8221;center&#8221; padding_bottom=&#8221;110&#8243;][vc_column offset=&#8221;vc_col-lg-offset-0 vc_col-lg-4 vc_col-md-offset-0 vc_col-md-4 vc_col-sm-offset-0&#8243;][vc_single_image image=&#8221;6909&#8243; img_size=&#8221;full&#8221; alignment=&#8221;center&#8221; qode_css_animation=&#8221;&#8221;][vc_empty_space height=&#8221;49px&#8221;][vc_column_text]<\/p>\n<h6>FES LA COMANDA AMB UN CLIK<\/h6>\n<p>[\/vc_column_text][vc_empty_space height=&#8221;25px&#8221;][vc_column_text]Et donem d&#8217;alta i a partir d&#8217;aqu\u00ed tu gestiones els usuaris de la teva empresa.[\/vc_column_text][\/vc_column][vc_column offset=&#8221;vc_col-lg-offset-0 vc_col-lg-4 vc_col-md-offset-0 vc_col-md-4 vc_col-sm-offset-0&#8243;][vc_single_image image=&#8221;6905&#8243; img_size=&#8221;full&#8221; alignment=&#8221;center&#8221; qode_css_animation=&#8221;&#8221;][vc_empty_space height=&#8221;49px&#8221;][vc_column_text]<\/p>\n<h6>ENS POSEM A CUINAR<\/h6>\n<p>[\/vc_column_text][vc_empty_space height=&#8221;25px&#8221;][vc_column_text]Ens posem a cuinar perqu\u00e8 els vostres men\u00fas estiguin a punt!<\/p>\n<p>[\/vc_column_text][\/vc_column][vc_column offset=&#8221;vc_col-lg-offset-0 vc_col-lg-4 vc_col-md-offset-0 vc_col-md-4 vc_col-sm-offset-0&#8243;][vc_single_image image=&#8221;6907&#8243; img_size=&#8221;full&#8221; alignment=&#8221;center&#8221; qode_css_animation=&#8221;&#8221;][vc_empty_space height=&#8221;49px&#8221;][vc_column_text]<\/p>\n<h6>T&#8217;HO PORTEM A LA OFICINA<\/h6>\n<p>[\/vc_column_text][vc_empty_space height=&#8221;25px&#8221;][vc_column_text]Vindrem cada dia i et deixarem la bossa personalitzada amb tots els men\u00fas.[\/vc_column_text][\/vc_column][\/vc_row][vc_row][vc_column parallax=&#8221;content-moving&#8221; parallax_image=&#8221;226&#8243;]<div class=\"qode-parallax-holder\" data-parallax=\"{&quot;y&quot;: -100, &quot;smoothness&quot;: 20}\">[vc_empty_space height=&#8221;100px&#8221;][vc_column_text]<\/p>\n<h5 style=\"text-align: center;\"><span style=\"color: #ffffff;\"><strong>Al Rambla treballem 100% amb elaboraci\u00f3 pr\u00f2pia, prioritzant els productes de proximitat i de temporada.<\/strong><\/span><br \/>\n<span style=\"color: #ffffff;\"><strong>Els envasos on servim els men\u00fas s\u00f3n compostables i reciclables, aportant el nostre granet de sorra cap a un m\u00f3n m\u00e9s sostenible.<\/strong><\/span><\/h5>\n<p>[\/vc_column_text][vc_empty_space height=&#8221;100px&#8221;]<\/div>[\/vc_column][\/vc_row][vc_row][vc_column][vc_empty_space height=&#8221;100px&#8221;][\/vc_column][\/vc_row]<\/p>\n<\/div>","protected":false},"excerpt":{"rendered":"<p>[vc_row row_type=&#8221;row&#8221; use_row_as_full_screen_section=&#8221;no&#8221; type=&#8221;grid&#8221; text_align=&#8221;center&#8221; padding_bottom=&#8221;100&#8243;][vc_column width=&#8221;5\/6&#8243; offset=&#8221;vc_col-sm-offset-1&#8243;][vc_column_text] Cuinem i t&#8217;ho portem [\/vc_column_text][vc_empty_space height=&#8221;27px&#8221;][vc_column_text] T\u2019ho posem f\u00e0cil, ingredients de qualitat, cuinats cada dia per oferir uns men\u00fas de qualitat variat i equilibrats, tria cada dia el que vols menjar. [\/vc_column_text][\/vc_column][\/vc_row][vc_row row_type=&#8221;row&#8221; use_row_as_full_screen_section=&#8221;no&#8221; type=&#8221;grid&#8221; text_align=&#8221;center&#8221; padding_bottom=&#8221;110&#8243;][vc_column&#8230;<\/p>\n","protected":false},"author":4,"featured_media":0,"parent":0,"menu_order":23,"comment_status":"closed","ping_status":"closed","template":"","meta":{"_monsterinsights_skip_tracking":false,"_monsterinsights_sitenote_active":false,"_monsterinsights_sitenote_note":"","_monsterinsights_sitenote_category":0,"footnotes":""},"class_list":["post-83","page","type-page","status-publish","hentry"],"yoast_head":"<!-- This site is optimized with the Yoast SEO plugin v27.4 - https:\/\/yoast.com\/product\/yoast-seo-wordpress\/ -->\n<title>C\u00c0TERING EMPRESES - Restaurant La Rambla<\/title>\n<meta name=\"robots\" content=\"index, follow, max-snippet:-1, max-image-preview:large, max-video-preview:-1\" \/>\n<link rel=\"canonical\" href=\"https:\/\/restaurantlarambla.com\/index.php\/about-the-restaurant\/\" \/>\n<meta property=\"og:locale\" content=\"ca_ES\" \/>\n<meta property=\"og:type\" content=\"article\" \/>\n<meta property=\"og:title\" content=\"C\u00c0TERING EMPRESES - Restaurant La Rambla\" \/>\n<meta property=\"og:description\" content=\"[vc_row row_type=&#8221;row&#8221; use_row_as_full_screen_section=&#8221;no&#8221; type=&#8221;grid&#8221; text_align=&#8221;center&#8221; padding_bottom=&#8221;100&#8243;][vc_column width=&#8221;5\/6&#8243; offset=&#8221;vc_col-sm-offset-1&#8243;][vc_column_text] Cuinem i t&#8217;ho portem [\/vc_column_text][vc_empty_space height=&#8221;27px&#8221;][vc_column_text] T\u2019ho posem f\u00e0cil, ingredients de qualitat, cuinats cada dia per oferir uns men\u00fas de qualitat variat i equilibrats, tria cada dia el que vols menjar. [\/vc_column_text][\/vc_column][\/vc_row][vc_row row_type=&#8221;row&#8221; use_row_as_full_screen_section=&#8221;no&#8221; type=&#8221;grid&#8221; text_align=&#8221;center&#8221; padding_bottom=&#8221;110&#8243;][vc_column...\" \/>\n<meta property=\"og:url\" content=\"https:\/\/restaurantlarambla.com\/index.php\/about-the-restaurant\/\" \/>\n<meta property=\"og:site_name\" content=\"Restaurant La Rambla\" \/>\n<meta property=\"article:publisher\" content=\"https:\/\/www.facebook.com\/RestaurantlaRambla\" \/>\n<meta property=\"article:modified_time\" content=\"2022-03-07T17:44:24+00:00\" \/>\n<meta name=\"twitter:card\" content=\"summary_large_image\" \/>\n<meta name=\"twitter:label1\" content=\"Temps estimat de lectura\" \/>\n\t<meta name=\"twitter:data1\" content=\"2 minuts\" \/>\n<script type=\"application\/ld+json\" class=\"yoast-schema-graph\">{\"@context\":\"https:\\\/\\\/schema.org\",\"@graph\":[{\"@type\":\"WebPage\",\"@id\":\"https:\\\/\\\/restaurantlarambla.com\\\/index.php\\\/about-the-restaurant\\\/\",\"url\":\"https:\\\/\\\/restaurantlarambla.com\\\/index.php\\\/about-the-restaurant\\\/\",\"name\":\"C\u00c0TERING EMPRESES - Restaurant La Rambla\",\"isPartOf\":{\"@id\":\"https:\\\/\\\/restaurantlarambla.com\\\/#website\"},\"datePublished\":\"2016-03-25T13:07:04+00:00\",\"dateModified\":\"2022-03-07T17:44:24+00:00\",\"breadcrumb\":{\"@id\":\"https:\\\/\\\/restaurantlarambla.com\\\/index.php\\\/about-the-restaurant\\\/#breadcrumb\"},\"inLanguage\":\"ca\",\"potentialAction\":[{\"@type\":\"ReadAction\",\"target\":[\"https:\\\/\\\/restaurantlarambla.com\\\/index.php\\\/about-the-restaurant\\\/\"]}]},{\"@type\":\"BreadcrumbList\",\"@id\":\"https:\\\/\\\/restaurantlarambla.com\\\/index.php\\\/about-the-restaurant\\\/#breadcrumb\",\"itemListElement\":[{\"@type\":\"ListItem\",\"position\":1,\"name\":\"Inici\",\"item\":\"https:\\\/\\\/restaurantlarambla.com\\\/\"},{\"@type\":\"ListItem\",\"position\":2,\"name\":\"C\u00c0TERING EMPRESES\"}]},{\"@type\":\"WebSite\",\"@id\":\"https:\\\/\\\/restaurantlarambla.com\\\/#website\",\"url\":\"https:\\\/\\\/restaurantlarambla.com\\\/\",\"name\":\"Restaurant La Rambla\",\"description\":\"Daily Food Market\",\"publisher\":{\"@id\":\"https:\\\/\\\/restaurantlarambla.com\\\/#organization\"},\"potentialAction\":[{\"@type\":\"SearchAction\",\"target\":{\"@type\":\"EntryPoint\",\"urlTemplate\":\"https:\\\/\\\/restaurantlarambla.com\\\/?s={search_term_string}\"},\"query-input\":{\"@type\":\"PropertyValueSpecification\",\"valueRequired\":true,\"valueName\":\"search_term_string\"}}],\"inLanguage\":\"ca\"},{\"@type\":\"Organization\",\"@id\":\"https:\\\/\\\/restaurantlarambla.com\\\/#organization\",\"name\":\"Restaurant La Rambla\",\"url\":\"https:\\\/\\\/restaurantlarambla.com\\\/\",\"logo\":{\"@type\":\"ImageObject\",\"inLanguage\":\"ca\",\"@id\":\"https:\\\/\\\/restaurantlarambla.com\\\/#\\\/schema\\\/logo\\\/image\\\/\",\"url\":\"https:\\\/\\\/restaurantlarambla.com\\\/wp-content\\\/uploads\\\/2023\\\/11\\\/Logo_La_Rambla_web-1.png\",\"contentUrl\":\"https:\\\/\\\/restaurantlarambla.com\\\/wp-content\\\/uploads\\\/2023\\\/11\\\/Logo_La_Rambla_web-1.png\",\"width\":307,\"height\":113,\"caption\":\"Restaurant La Rambla\"},\"image\":{\"@id\":\"https:\\\/\\\/restaurantlarambla.com\\\/#\\\/schema\\\/logo\\\/image\\\/\"},\"sameAs\":[\"https:\\\/\\\/www.facebook.com\\\/RestaurantlaRambla\",\"https:\\\/\\\/www.instagram.com\\\/restaurantlarambla\\\/?hl=es\"]}]}<\/script>\n<!-- \/ Yoast SEO plugin. -->","yoast_head_json":{"title":"C\u00c0TERING EMPRESES - Restaurant La Rambla","robots":{"index":"index","follow":"follow","max-snippet":"max-snippet:-1","max-image-preview":"max-image-preview:large","max-video-preview":"max-video-preview:-1"},"canonical":"https:\/\/restaurantlarambla.com\/index.php\/about-the-restaurant\/","og_locale":"ca_ES","og_type":"article","og_title":"C\u00c0TERING EMPRESES - Restaurant La Rambla","og_description":"[vc_row row_type=&#8221;row&#8221; use_row_as_full_screen_section=&#8221;no&#8221; type=&#8221;grid&#8221; text_align=&#8221;center&#8221; padding_bottom=&#8221;100&#8243;][vc_column width=&#8221;5\/6&#8243; offset=&#8221;vc_col-sm-offset-1&#8243;][vc_column_text] Cuinem i t&#8217;ho portem [\/vc_column_text][vc_empty_space height=&#8221;27px&#8221;][vc_column_text] T\u2019ho posem f\u00e0cil, ingredients de qualitat, cuinats cada dia per oferir uns men\u00fas de qualitat variat i equilibrats, tria cada dia el que vols menjar. [\/vc_column_text][\/vc_column][\/vc_row][vc_row row_type=&#8221;row&#8221; use_row_as_full_screen_section=&#8221;no&#8221; type=&#8221;grid&#8221; text_align=&#8221;center&#8221; padding_bottom=&#8221;110&#8243;][vc_column...","og_url":"https:\/\/restaurantlarambla.com\/index.php\/about-the-restaurant\/","og_site_name":"Restaurant La Rambla","article_publisher":"https:\/\/www.facebook.com\/RestaurantlaRambla","article_modified_time":"2022-03-07T17:44:24+00:00","twitter_card":"summary_large_image","twitter_misc":{"Temps estimat de lectura":"2 minuts"},"schema":{"@context":"https:\/\/schema.org","@graph":[{"@type":"WebPage","@id":"https:\/\/restaurantlarambla.com\/index.php\/about-the-restaurant\/","url":"https:\/\/restaurantlarambla.com\/index.php\/about-the-restaurant\/","name":"C\u00c0TERING EMPRESES - Restaurant La Rambla","isPartOf":{"@id":"https:\/\/restaurantlarambla.com\/#website"},"datePublished":"2016-03-25T13:07:04+00:00","dateModified":"2022-03-07T17:44:24+00:00","breadcrumb":{"@id":"https:\/\/restaurantlarambla.com\/index.php\/about-the-restaurant\/#breadcrumb"},"inLanguage":"ca","potentialAction":[{"@type":"ReadAction","target":["https:\/\/restaurantlarambla.com\/index.php\/about-the-restaurant\/"]}]},{"@type":"BreadcrumbList","@id":"https:\/\/restaurantlarambla.com\/index.php\/about-the-restaurant\/#breadcrumb","itemListElement":[{"@type":"ListItem","position":1,"name":"Inici","item":"https:\/\/restaurantlarambla.com\/"},{"@type":"ListItem","position":2,"name":"C\u00c0TERING EMPRESES"}]},{"@type":"WebSite","@id":"https:\/\/restaurantlarambla.com\/#website","url":"https:\/\/restaurantlarambla.com\/","name":"Restaurant La Rambla","description":"Daily Food Market","publisher":{"@id":"https:\/\/restaurantlarambla.com\/#organization"},"potentialAction":[{"@type":"SearchAction","target":{"@type":"EntryPoint","urlTemplate":"https:\/\/restaurantlarambla.com\/?s={search_term_string}"},"query-input":{"@type":"PropertyValueSpecification","valueRequired":true,"valueName":"search_term_string"}}],"inLanguage":"ca"},{"@type":"Organization","@id":"https:\/\/restaurantlarambla.com\/#organization","name":"Restaurant La Rambla","url":"https:\/\/restaurantlarambla.com\/","logo":{"@type":"ImageObject","inLanguage":"ca","@id":"https:\/\/restaurantlarambla.com\/#\/schema\/logo\/image\/","url":"https:\/\/restaurantlarambla.com\/wp-content\/uploads\/2023\/11\/Logo_La_Rambla_web-1.png","contentUrl":"https:\/\/restaurantlarambla.com\/wp-content\/uploads\/2023\/11\/Logo_La_Rambla_web-1.png","width":307,"height":113,"caption":"Restaurant La Rambla"},"image":{"@id":"https:\/\/restaurantlarambla.com\/#\/schema\/logo\/image\/"},"sameAs":["https:\/\/www.facebook.com\/RestaurantlaRambla","https:\/\/www.instagram.com\/restaurantlarambla\/?hl=es"]}]}},"_links":{"self":[{"href":"https:\/\/restaurantlarambla.com\/index.php\/wp-json\/wp\/v2\/pages\/83","targetHints":{"allow":["GET"]}}],"collection":[{"href":"https:\/\/restaurantlarambla.com\/index.php\/wp-json\/wp\/v2\/pages"}],"about":[{"href":"https:\/\/restaurantlarambla.com\/index.php\/wp-json\/wp\/v2\/types\/page"}],"author":[{"embeddable":true,"href":"https:\/\/restaurantlarambla.com\/index.php\/wp-json\/wp\/v2\/users\/4"}],"replies":[{"embeddable":true,"href":"https:\/\/restaurantlarambla.com\/index.php\/wp-json\/wp\/v2\/comments?post=83"}],"version-history":[{"count":14,"href":"https:\/\/restaurantlarambla.com\/index.php\/wp-json\/wp\/v2\/pages\/83\/revisions"}],"predecessor-version":[{"id":6925,"href":"https:\/\/restaurantlarambla.com\/index.php\/wp-json\/wp\/v2\/pages\/83\/revisions\/6925"}],"wp:attachment":[{"href":"https:\/\/restaurantlarambla.com\/index.php\/wp-json\/wp\/v2\/media?parent=83"}],"curies":[{"name":"wp","href":"https:\/\/api.w.org\/{rel}","templated":true}]}}